{"id":6589,"date":"2019-01-15T16:39:37","date_gmt":"2019-01-15T14:39:37","guid":{"rendered":"https:\/\/tender-leakey.87-106-165-134.plesk.page\/archive\/regionalkonferenzen\/"},"modified":"2025-03-30T13:40:02","modified_gmt":"2025-03-30T11:40:02","slug":"regional-conferences","status":"publish","type":"page","link":"https:\/\/schule-mit-wissenschaft.de\/en\/archive\/regional-conferences\/","title":{"rendered":"Regional Conferences"},"content":{"rendered":"<p>Here you will find reports from previous regional conferences in chronological order. Programs and background information as well as cross-references to lectures and photo series form an extensive documentation of <em>Schule MIT Wissenschaft<\/em> (in German).<\/p>\n<ul>\n<li><a title=\"Saarbr\u00fccken 2025 &#x1F1E9;&#x1F1EA;\" href=\"https:\/\/schule-mit-wissenschaft.de\/archiv\/regionalkonferenzen\/regionalkonferenz-suedwest-2025\/\" target=\"_self\" rel=\"noopener noreferrer\">Saarbr\u00fccken 2025 &#x1F1E9;&#x1F1EA;<\/a><\/li>\n<li><a title=\"N\u00fcrnberg 2024 &#x1F1E9;&#x1F1EA;\" href=\"https:\/\/schule-mit-wissenschaft.de\/archiv\/regionalkonferenzen\/regionalkonferenz-bayern-2024\/\" target=\"_self\" rel=\"noopener noreferrer\">N\u00fcrnberg 2024 &#x1F1E9;&#x1F1EA;<\/a><\/li>\n<li><a title=\"Stralsund 2024 &#x1F1E9;&#x1F1EA;\" href=\"https:\/\/schule-mit-wissenschaft.de\/archiv\/regionalkonferenzen\/mecklenburg-vorpommern-2024\/\" target=\"_self\" rel=\"noopener noreferrer\">Stralsund 2024 &#x1F1E9;&#x1F1EA;<\/a><\/li>\n<li><a title=\"Saarbr\u00fccken 2023 &#x1F1E9;&#x1F1EA;\" href=\"https:\/\/schule-mit-wissenschaft.de\/archiv\/regionalkonferenzen\/saarbruecken-2023\/\" target=\"_self\" rel=\"noopener noreferrer\">Saarbr\u00fccken 2023 &#x1F1E9;&#x1F1EA;<\/a><\/li>\n<li><a title=\"Regensburg 2022 &#x1F1E9;&#x1F1EA;\" href=\"https:\/\/schule-mit-wissenschaft.de\/archiv\/regionalkonferenzen\/regionalkonferenz-bayern-2022\/\" target=\"_self\" rel=\"noopener noreferrer\">Regensburg 2022 &#x1F1E9;&#x1F1EA;<\/a><\/li>\n<li><a title=\"Stralsund 2022 &#x1F1E9;&#x1F1EA;\" href=\"https:\/\/schule-mit-wissenschaft.de\/archiv\/regionalkonferenzen\/regionalkonferenz-mecklenburg-vorpommern-2022\/\" target=\"_self\" rel=\"noopener noreferrer\">Stralsund 2022 &#x1F1E9;&#x1F1EA;<\/a><\/li>\n<li><a title=\"Weimar 2022 &#x1F1E9;&#x1F1EA;\" href=\"https:\/\/jungforscher-thueringen.de\/schule-mit-wissenschaft\/programm\/\" target=\"_blank\" rel=\"noopener noreferrer\">Weimar 2022 &#x1F1E9;&#x1F1EA;<\/a><\/li>\n<li><a title=\"Jena 2019 &#x1F1E9;&#x1F1EA;\" href=\"https:\/\/jungforscher-thueringen.de\/schule-mit-wissenschaft\/archiv-2\/impressionen-2019\/\" target=\"_self\" rel=\"noopener noreferrer\">Jena 2019 &#x1F1E9;&#x1F1EA;<\/a><\/li>\n<li><a title=\"Hamburg 2018 &#x1F1E9;&#x1F1EA;\" href=\"https:\/\/schule-mit-wissenschaft.de\/archiv\/regionalkonferenzen\/schule-mit-wissenschaft-regional-hamburg-2018\/\" target=\"_self\" rel=\"noopener noreferrer\">Hamburg 2018 &#x1F1E9;&#x1F1EA;<\/a><\/li>\n<li><a title=\"Erfurt 2018 &#x1F1E9;&#x1F1EA;\" href=\"https:\/\/jungforscher-thueringen.de\/schule-mit-wissenschaft\/archiv-2\/2018-impressionen\/\" target=\"_blank\" rel=\"noopener noreferrer\">Erfurt 2018 &#x1F1E9;&#x1F1EA;<\/a><\/li>\n<li><a title=\"Weimar 2017 &#x1F1E9;&#x1F1EA;\" href=\"https:\/\/jungforscher-thueringen.de\/schule-mit-wissenschaft\/archiv-2\/2017-impressionen\/\" target=\"_blank\" rel=\"noopener noreferrer\">Weimar 2017 &#x1F1E9;&#x1F1EA;<\/a><\/li>\n<li><a title=\"Erfurt 2016 &#x1F1E9;&#x1F1EA;\" href=\"http:\/\/jungforscher-thueringen.de\/schule-mit-wissenschaft\/archiv-2\/rueckblick-2016\/\" target=\"_blank\" rel=\"noopener noreferrer\">Erfurt 2016 &#x1F1E9;&#x1F1EA;<\/a><\/li>\n<\/ul>\n","protected":false},"excerpt":{"rendered":"<p>Here you will find reports from previous regional conferences in chronological order. Programs and background information as well as cross-references to lectures and photo series form an extensive documentation of Schule MIT Wissenschaft (in German). Saarbr\u00fccken 2025 &#x1F1E9;&#x1F1EA; N\u00fcrnberg 2024 &#x1F1E9;&#x1F1EA; Stralsund 2024 &#x1F1E9;&#x1F1EA; Saarbr\u00fccken 2023 &#x1F1E9;&#x1F1EA; Regensburg 2022 &#x1F1E9;&#x1F1EA; Stralsund 2022 &#x1F1E9;&#x1F1EA; Weimar 2022 &hellip; <a href=\"https:\/\/schule-mit-wissenschaft.de\/en\/archive\/regional-conferences\/\" class=\"more-link\">Continue reading <span class=\"screen-reader-text\">Regional Conferences<\/span> <span class=\"meta-nav\">&rarr;<\/span><\/a><\/p>\n","protected":false},"author":1,"featured_media":0,"parent":4067,"menu_order":1,"comment_status":"closed","ping_status":"closed","template":"","meta":{"inline_featured_image":false,"footnotes":""},"categories":[27,29],"tags":[],"class_list":["post-6589","page","type-page","status-publish","hentry","category-conference-archive","category-regional-conference"],"_links":{"self":[{"href":"https:\/\/schule-mit-wissenschaft.de\/en\/wp-json\/wp\/v2\/pages\/6589","targetHints":{"allow":["GET"]}}],"collection":[{"href":"https:\/\/schule-mit-wissenschaft.de\/en\/wp-json\/wp\/v2\/pages"}],"about":[{"href":"https:\/\/schule-mit-wissenschaft.de\/en\/wp-json\/wp\/v2\/types\/page"}],"author":[{"embeddable":true,"href":"https:\/\/schule-mit-wissenschaft.de\/en\/wp-json\/wp\/v2\/users\/1"}],"replies":[{"embeddable":true,"href":"https:\/\/schule-mit-wissenschaft.de\/en\/wp-json\/wp\/v2\/comments?post=6589"}],"version-history":[{"count":6,"href":"https:\/\/schule-mit-wissenschaft.de\/en\/wp-json\/wp\/v2\/pages\/6589\/revisions"}],"predecessor-version":[{"id":12617,"href":"https:\/\/schule-mit-wissenschaft.de\/en\/wp-json\/wp\/v2\/pages\/6589\/revisions\/12617"}],"up":[{"embeddable":true,"href":"https:\/\/schule-mit-wissenschaft.de\/en\/wp-json\/wp\/v2\/pages\/4067"}],"wp:attachment":[{"href":"https:\/\/schule-mit-wissenschaft.de\/en\/wp-json\/wp\/v2\/media?parent=6589"}],"wp:term":[{"taxonomy":"category","embeddable":true,"href":"https:\/\/schule-mit-wissenschaft.de\/en\/wp-json\/wp\/v2\/categories?post=6589"},{"taxonomy":"post_tag","embeddable":true,"href":"https:\/\/schule-mit-wissenschaft.de\/en\/wp-json\/wp\/v2\/tags?post=6589"}],"curies":[{"name":"wp","href":"https:\/\/api.w.org\/{rel}","templated":true}]}}