{"id":6586,"date":"2019-01-15T16:02:17","date_gmt":"2019-01-15T14:02:17","guid":{"rendered":"https:\/\/tender-leakey.87-106-165-134.plesk.page\/archive\/bundeskonferenzen\/"},"modified":"2024-11-19T10:33:46","modified_gmt":"2024-11-19T09:33:46","slug":"federal-conferences","status":"publish","type":"page","link":"https:\/\/schule-mit-wissenschaft.de\/en\/archive\/federal-conferences\/","title":{"rendered":"Federal Conferences"},"content":{"rendered":"<div class=\"container\" style=\"display: flex;\">\n<div style=\"width: 145em;\">\n            <iframe loading=\"lazy\" style=\"float: left; padding-right: 20px; padding-top: 5px; padding-bottom: 20px;\" width=\"560\" height=\"315\" src=\"https:\/\/www.youtube-nocookie.com\/embed\/6YNP6Ad3eqo\" frameborder=\"0\" allow=\"autoplay; encrypted-media\" allowfullscreen><\/iframe>\n        <\/div>\n<div style=\"flex-grow: 1;\">\n<p style=\"padding-left: 20px;\">Here you will find reports from previous federal conferences in chronological order. Programs and background information as well as cross-references to lectures and photo series form an extensive documentation of <em>Schule MIT Wissenschaft<\/em> (in German).\n<\/p>\n<ul style=\"padding-left: 40px;\">\n<li><a title=\"Saarbr\u00fccken 2024 &#x1F1E9;&#x1F1EA;\" href=\"https:\/\/schule-mit-wissenschaft.de\/archiv\/bundeskonferenzen\/bundeskonferenz-saarbruecken-2024\/\" target=\"_self\" rel=\"noopener noreferrer\">Saarbr\u00fccken 2024 &#x1F1E9;&#x1F1EA;<\/a><\/li>\n<li><a title=\"Kiel 2023 &#x1F1E9;&#x1F1EA;\" href=\"https:\/\/schule-mit-wissenschaft.de\/archiv\/bundeskonferenzen\/bundeskonferenz-2023-kiel-hybrid\/\" target=\"_self\" rel=\"noopener noreferrer\">Kiel 2023 &#x1F1E9;&#x1F1EA;<\/a><\/li>\n<li><a title=\"M\u00fcnchen 2022 &#x1F1E9;&#x1F1EA;\" href=\"https:\/\/schule-mit-wissenschaft.de\/archiv\/bundeskonferenzen\/muenchen-2022\/\" target=\"_self\" rel=\"noopener noreferrer\">M\u00fcnchen 2022 &#x1F1E9;&#x1F1EA;<\/a><\/li>\n<li><a title=\"Bremen 2021 &#x1F1E9;&#x1F1EA;\" href=\"https:\/\/schule-mit-wissenschaft.de\/archiv\/bundeskonferenzen\/bremen-2021\/\" target=\"_self\" rel=\"noopener noreferrer\">Bremen 2021 &#x1F1E9;&#x1F1EA;<\/a><\/li>\n<li><a title=\"M\u00fcnchen 2020 &#x1F1E9;&#x1F1EA;\" href=\"https:\/\/schule-mit-wissenschaft.de\/archiv\/bundeskonferenzen\/muenchen-2020\/\" target=\"_self\" rel=\"noopener noreferrer\">M\u00fcnchen 2020 &#x1F1E9;&#x1F1EA;<\/a><\/li>\n<li><a title=\"Berlin 2019 &#x1F1E9;&#x1F1EA;\" href=\"https:\/\/schule-mit-wissenschaft.de\/archiv\/bundeskonferenzen\/berlin-2019\/\" target=\"_self\" rel=\"noopener noreferrer\">Berlin 2019 &#x1F1E9;&#x1F1EA;<\/a><\/li>\n<li><a title=\"D\u00fcsseldorf 2018 &#x1F1E9;&#x1F1EA;\" href=\"https:\/\/schule-mit-wissenschaft.de\/archiv\/bundeskonferenzen\/duesseldorf-2018\/\" target=\"_self\" rel=\"noopener noreferrer\">D\u00fcsseldorf 2018 &#x1F1E9;&#x1F1EA;<\/a><\/li>\n<li><a title=\"Dresden 2017 &#x1F1E9;&#x1F1EA;\" href=\"https:\/\/schule-mit-wissenschaft.de\/archiv\/bundeskonferenzen\/dresden-2017\/\" target=\"_self\" rel=\"noopener noreferrer\">Dresden 2017 &#x1F1E9;&#x1F1EA;<\/a><\/li>\n<li><a title=\"Hamburg 2016 &#x1F1E9;&#x1F1EA;\" href=\"https:\/\/schule-mit-wissenschaft.de\/archiv\/bundeskonferenzen\/hamburg-2016\/\" target=\"_self\" rel=\"noopener noreferrer\">Hamburg 2016 &#x1F1E9;&#x1F1EA;<\/a><\/li>\n<li><a title=\"Braunschweig 2015 &#x1F1E9;&#x1F1EA;\" href=\"https:\/\/schule-mit-wissenschaft.de\/archiv\/bundeskonferenzen\/braunschweig-2015\/\" target=\"_self\" rel=\"noopener noreferrer\">Braunschweig 2015 &#x1F1E9;&#x1F1EA;<\/a><\/li>\n<li><a title=\"Erfurt 2014 &#x1F1E9;&#x1F1EA;\" href=\"https:\/\/schule-mit-wissenschaft.de\/archiv\/bundeskonferenzen\/erfurt-2014\/\" target=\"_self\" rel=\"noopener noreferrer\">Erfurt 2014 &#x1F1E9;&#x1F1EA;<\/a><\/li>\n<\/ul><\/div>\n<\/div>\n","protected":false},"excerpt":{"rendered":"<p>Here you will find reports from previous federal conferences in chronological order. Programs and background information as well as cross-references to lectures and photo series form an extensive documentation of Schule MIT Wissenschaft (in German). Saarbr\u00fccken 2024 &#x1F1E9;&#x1F1EA; Kiel 2023 &#x1F1E9;&#x1F1EA; M\u00fcnchen 2022 &#x1F1E9;&#x1F1EA; Bremen 2021 &#x1F1E9;&#x1F1EA; M\u00fcnchen 2020 &#x1F1E9;&#x1F1EA; Berlin 2019 &#x1F1E9;&#x1F1EA; D\u00fcsseldorf 2018 &hellip; <a href=\"https:\/\/schule-mit-wissenschaft.de\/en\/archive\/federal-conferences\/\" class=\"more-link\">Continue reading <span class=\"screen-reader-text\">Federal Conferences<\/span> <span class=\"meta-nav\">&rarr;<\/span><\/a><\/p>\n","protected":false},"author":1,"featured_media":0,"parent":4067,"menu_order":0,"comment_status":"closed","ping_status":"closed","template":"","meta":{"inline_featured_image":false,"footnotes":""},"categories":[27,28],"tags":[],"class_list":["post-6586","page","type-page","status-publish","hentry","category-conference-archive","category-federal-conference"],"_links":{"self":[{"href":"https:\/\/schule-mit-wissenschaft.de\/en\/wp-json\/wp\/v2\/pages\/6586","targetHints":{"allow":["GET"]}}],"collection":[{"href":"https:\/\/schule-mit-wissenschaft.de\/en\/wp-json\/wp\/v2\/pages"}],"about":[{"href":"https:\/\/schule-mit-wissenschaft.de\/en\/wp-json\/wp\/v2\/types\/page"}],"author":[{"embeddable":true,"href":"https:\/\/schule-mit-wissenschaft.de\/en\/wp-json\/wp\/v2\/users\/1"}],"replies":[{"embeddable":true,"href":"https:\/\/schule-mit-wissenschaft.de\/en\/wp-json\/wp\/v2\/comments?post=6586"}],"version-history":[{"count":1,"href":"https:\/\/schule-mit-wissenschaft.de\/en\/wp-json\/wp\/v2\/pages\/6586\/revisions"}],"predecessor-version":[{"id":12267,"href":"https:\/\/schule-mit-wissenschaft.de\/en\/wp-json\/wp\/v2\/pages\/6586\/revisions\/12267"}],"up":[{"embeddable":true,"href":"https:\/\/schule-mit-wissenschaft.de\/en\/wp-json\/wp\/v2\/pages\/4067"}],"wp:attachment":[{"href":"https:\/\/schule-mit-wissenschaft.de\/en\/wp-json\/wp\/v2\/media?parent=6586"}],"wp:term":[{"taxonomy":"category","embeddable":true,"href":"https:\/\/schule-mit-wissenschaft.de\/en\/wp-json\/wp\/v2\/categories?post=6586"},{"taxonomy":"post_tag","embeddable":true,"href":"https:\/\/schule-mit-wissenschaft.de\/en\/wp-json\/wp\/v2\/tags?post=6586"}],"curies":[{"name":"wp","href":"https:\/\/api.w.org\/{rel}","templated":true}]}}